{"id":21376,"date":"2019-08-13T16:04:15","date_gmt":"2019-08-13T14:04:15","guid":{"rendered":"https:\/\/www.jagdfeld-realestate.de\/thats-why-we\/imprint\/"},"modified":"2024-03-05T12:14:06","modified_gmt":"2024-03-05T11:14:06","slug":"imprint","status":"publish","type":"page","link":"https:\/\/www.jagdfeld-realestate.de\/en\/company\/imprint\/","title":{"rendered":"Imprint"},"content":{"rendered":"\n<p>JAGDFELD RE Management GmbH<\/p>\n\n<p>K\u00f6lnstrasse 89<\/p>\n\n<p>52351 D\u00fcren<\/p>\n\n<p>Phone +49 2421 49558 0<\/p>\n\n<p>Fax +49 2421 49558 7999<\/p>\n\n<p>E-mail <a href=\"mailto:kontakt@jagdfeld-realestate.de\">kontakt@jagdfeld-realestate.de<\/a><\/p>\n\n<p>Managing Director: Benedikt Jagdfeld<\/p>\n\n<p>Local court D\u00fcren HRB 4692<\/p>\n\n<p>UST-IdNr.: DE282378859<\/p>\n\n<p>The competent supervisory authority for the area of residential property management (JAGDFELD RE Living GmbH) is <a href=\"https:\/\/www.kreis-dueren.de\/index.php\" target=\"_blank\" rel=\"noreferrer noopener\">the district administration of D\u00fcren, 52348 D\u00fcren,<\/a> Germany<\/p>\n\n<p>Disclaimer<\/p>\n\n<p>The author accepts no liability for the accuracy and completeness of his own content and compilations. The same applies to third-party content that is made accessible via this service. Use is exclusively at the user&#8217;s own risk. The author declines all liability.<\/p>\n\n<p>If and insofar as a legal relationship should exist at all between the users of this offer and its author, this is subject to German law. Federal laws are primarily applicable in the formal sense.<\/p>\n\n<p>Important note<\/p>\n\n<p>In its judgment of May 12, 1998, the Hamburg Regional Court ruled that the inclusion of a link may entail co-responsibility for the content of the linked page. According to the LG, this can only be prevented by expressly distancing oneself from this content. We have included links to other sites on the Internet on this page. The following applies to all these links: &#8220;We expressly emphasize that we have no influence whatsoever on the design and content of the linked pages. We therefore hereby expressly distance ourselves from all content of all linked pages on this entire website, including all sub-pages. This declaration applies to all links on this homepage and to all contents of the pages to which links or banners lead.&#8221;<\/p>\n\n<p><strong>Copyright notices for visual material  <\/strong><\/p>\n\n<p>Graphic design CI brochure, image\/employee and center photography Berlin, Hamburg, D\u00fclmen and Siegen: <a rel=\"noreferrer noopener\" href=\"https:\/\/www.knusperfarben.de\/\" target=\"_blank\">Tanja Deu\u00df, Knusperfarben Grafik &amp; Fotografie D\u00fcsseldorf <\/a> <\/p>\n\n<p><a href=\"https:\/\/www.jagdfeld-realestate.de\/en\/?page_id=21287\" target=\"_blank\" rel=\"noreferrer noopener\">Sustainability<\/a>: \u00a9 lovelyday12 \/<a href=\"https:\/\/stock.adobe.com\/de\/\" target=\"_blank\" rel=\"noreferrer noopener\"><\/a><a href=\"https:\/\/stock.adobe.com\/de\/\">https:\/\/stock.adobe.com\/de\/<\/a><\/p>\n\n<p><a href=\"https:\/\/www.jagdfeld-realestate.de\/en\/?page_id=21264\">Vision &#8211; Mission &#8211; Values<\/a>: \u00a9 <a href=\"https:\/\/www.istockphoto.com\" target=\"_blank\" rel=\"noreferrer noopener\">stockfour\/https:\/\/www.istockphoto.com<\/a><\/p>\n\n<p><a href=\"https:\/\/www.jagdfeld-realestate.de\/transformation\/revitalisierung\/\">Revitalization:<\/a> \u00a9 <a href=\"https:\/\/stock.adobe.com\/\" target=\"_blank\" rel=\"noreferrer noopener\">ZeroThree\/https:\/\/stock.adobe.com\/<\/a><\/p>\n\n<p><a href=\"https:\/\/www.jagdfeld-realestate.de\/transformation\/leasing-management\/\">Leasing management:<\/a> \u00a9 <a href=\"https:\/\/stock.adobe.com\/\" target=\"_blank\" rel=\"noreferrer noopener\">sitthiphong\/https:\/\/stock.adobe.com\/<\/a><\/p>\n\n<p><a href=\"https:\/\/www.jagdfeld-realestate.de\/en\/mixed-use-2\/\">Mixed-use:<\/a> \u00a9 <a href=\"https:\/\/stock.adobe.com\/\" target=\"_blank\" rel=\"noreferrer noopener\">vadim_key\/https:\/\/stock.adobe.com\/<\/a><\/p>\n\n<p><a href=\"https:\/\/www.jagdfeld-realestate.de\/transformation\/umnutzung\/\">Change of use:<\/a> \u00a9 <a href=\"https:\/\/stock.adobe.com\/\" target=\"_blank\" rel=\"noreferrer noopener\">ASDF\/https:\/\/stock.adobe.com\/<\/a><\/p>\n\n<p>\u00a9 Oksana <a href=\"https:\/\/stock.adobe.com\/\" target=\"_blank\" rel=\"noreferrer noopener\">Kuzmina\/https:\/\/stock.adobe.com\/<\/a><\/p>\n\n<p>\u00a9 <a href=\"https:\/\/stock.adobe.com\/\" target=\"_blank\" rel=\"noreferrer noopener\">drubig-photo\/https:\/\/stock.adobe.com\/<\/a><\/p>\n\n<p><a href=\"https:\/\/www.jagdfeld-realestate.de\/transformation\/hybride-vernetzung\/\">Hybrid networking:<\/a> \u00a9 <a href=\"https:\/\/stock.adobe.com\/\" target=\"_blank\" rel=\"noreferrer noopener\">zapp2photo\/https:\/\/stock.adobe.com\/<\/a><\/p>\n\n<p><a href=\"http:\/\/jagdfeld-realestate.de\">Homepage, Slider Transformation:<\/a> \u00a9 Giancarlo <a href=\"https:\/\/stock.adobe.com\/\" target=\"_blank\" rel=\"noreferrer noopener\">Liguori\/https:\/\/stock.adobe.com\/<\/a><\/p>\n\n<p><a href=\"https:\/\/www.jagdfeld-realestate.de\/transformation\/\">Transformation: <\/a> \u00a9 <a href=\"https:\/\/stock.adobe.com\/\" target=\"_blank\" rel=\"noreferrer noopener\">wavebreak3\/https:\/\/stock.adobe.com\/<\/a><\/p>\n\n<p><a href=\"https:\/\/www.jagdfeld-realestate.de\/kreative-umnutzung-aus-karstadt-wird-kita-in-der-city-galerie-aschaffenburg\/\">Creative conversion: Karstadt becomes KITA in the City Galerie Aschaffenburg:<\/a> \u00a9 Oksana <a href=\"https:\/\/stock.adobe.com\/\" target=\"_blank\" rel=\"noreferrer noopener\">Kuzmina\/https:\/\/stock.adobe.com\/<\/a><\/p>\n\n<p><a href=\"https:\/\/www.jagdfeld-realestate.de\/en\/?page_id=21167\">Reference page, Retail: City Galerie Aschaffenburg:<\/a> The images within the article (in the respective sliders below the texts &#8220;Creative conversion: Karstadt becomes KITA&#8221; and &#8220;Starting signal for refurbishment&#8221;) were created by kplus konzept GmbH.<\/p>\n\n<p><a href=\"https:\/\/www.jagdfeld-realestate.de\/unternehmen\/stellenanzeigen\/junior-centermanager-w-m-d-deutschlandweit\/\">Job advertisement Junior Center Manager<\/a>: \u00a9 Eugenio Marongiu <a href=\"https:\/\/stock.adobe.com\/\">\/https:\/\/stock.adobe.com\/<\/a> <\/p>\n\n<p><a href=\"https:\/\/www.jagdfeld-realestate.de\/unternehmen\/stellenanzeigen\/finanzbuchhalter-m-w-d\/\" target=\"_blank\" rel=\"noreferrer noopener\">Job advertisement financial accounting<\/a>: \u00a9 Natee Meepian <a href=\"https:\/\/stock.adobe.com\/\" target=\"_blank\" rel=\"noreferrer noopener\">\/https:\/\/stock.adobe.com\/<\/a> <\/p>\n\n<p><a href=\"https:\/\/www.jagdfeld-realestate.de\/unternehmen\/stellenanzeigen\/lohnbuchhalter-finanzbuchhalter-m-w-d\/\" target=\"_blank\" rel=\"noreferrer noopener\">Job advertisement payroll accounting\/financial accounting:<\/a> \u00a9 Puwasit Inyavileart \/ <a href=\"https:\/\/stock.adobe.com\/\" target=\"_blank\" rel=\"noreferrer noopener\">https:\/\/stock.adobe.com\/<\/a> <\/p>\n\n<p><a href=\"https:\/\/www.jagdfeld-realestate.de\/unternehmen\/stellenanzeigen\/technischer-objektmanager-m-w-d-facility-management\/\" target=\"_blank\" rel=\"noreferrer noopener\">Job advertisement for technical property manager<\/a>: \u00a9 dusanpetkovic1 <a href=\"https:\/\/stock.adobe.com\/\" target=\"_blank\" rel=\"noreferrer noopener\">\/https:\/\/stock.adobe.com\/<\/a><\/p>\n\n<p><a href=\"https:\/\/www.jagdfeld-realestate.de\/unternehmen\/stellenanzeigen\/senior-hr-manager-teamlead-m-w-d\/\" target=\"_blank\" rel=\"noreferrer noopener\">Job advertisement (Senior) HR Manager \/ Teamlead<\/a>: \u00a9 Prostock-studio <a href=\"https:\/\/stock.adobe.com\/\" target=\"_blank\" rel=\"noreferrer noopener\">\/https:\/\/stock.adobe.com\/<\/a><\/p>\n","protected":false},"excerpt":{"rendered":"<p>JAGDFELD RE Management GmbH K\u00f6lnstrasse 89 52351 D\u00fcren Phone +49 2421 49558 0 Fax +49 2421 49558 7999 E-mail kontakt@jagdfeld-realestate.de Managing Director: Benedikt Jagdfeld Local court D\u00fcren HRB 4692 UST-IdNr.: DE282378859 The competent supervisory authority for the area of residential property management (JAGDFELD RE Living GmbH) is the district administration of D\u00fcren, 52348 D\u00fcren, Germany <a class=\"moretag\" href=\"https:\/\/www.jagdfeld-realestate.de\/en\/company\/imprint\/\">more<\/a><\/p>\n","protected":false},"author":1,"featured_media":0,"parent":21238,"menu_order":52,"comment_status":"closed","ping_status":"closed","template":"","meta":{"_acf_changed":false,"footnotes":""},"class_list":["post-21376","page","type-page","status-publish","hentry"],"acf":[],"yoast_head":"<!-- This site is optimized with the Yoast SEO Premium plugin v27.4 (Yoast SEO v27.4) - https:\/\/yoast.com\/product\/yoast-seo-premium-wordpress\/ -->\n<title>Imprint - Jagdfeld Real Estate<\/title>\n<meta name=\"description\" content=\"Real estate. Real joy. At your service: JAGDFELD RE Management GmbH, K\u00f6lnstra\u00dfe 89, 52351 D\u00fcren, Phone +49 2421 \/ 49558-0, kontakt@jagdfeld-realestate.de\" \/>\n<meta name=\"robots\" content=\"index, follow, max-snippet:-1, max-image-preview:large, max-video-preview:-1\" \/>\n<link rel=\"canonical\" href=\"https:\/\/www.jagdfeld-realestate.de\/en\/company\/imprint\/\" \/>\n<meta property=\"og:locale\" content=\"en_US\" \/>\n<meta property=\"og:type\" content=\"article\" \/>\n<meta property=\"og:title\" content=\"Imprint\" \/>\n<meta property=\"og:description\" content=\"Real estate. Real joy. At your service: JAGDFELD RE Management GmbH, K\u00f6lnstra\u00dfe 89, 52351 D\u00fcren, Phone +49 2421 \/ 49558-0, kontakt@jagdfeld-realestate.de\" \/>\n<meta property=\"og:url\" content=\"https:\/\/www.jagdfeld-realestate.de\/en\/company\/imprint\/\" \/>\n<meta property=\"og:site_name\" content=\"Jagdfeld Real Estate\" \/>\n<meta property=\"article:modified_time\" content=\"2024-03-05T11:14:06+00:00\" \/>\n<meta property=\"og:image\" content=\"https:\/\/www.jagdfeld-realestate.de\/wp-content\/uploads\/Logos-Website-06.png\" \/>\n\t<meta property=\"og:image:width\" content=\"501\" \/>\n\t<meta property=\"og:image:height\" content=\"103\" \/>\n\t<meta property=\"og:image:type\" content=\"image\/png\" \/>\n<meta name=\"twitter:card\" content=\"summary_large_image\" \/>\n<meta name=\"twitter:label1\" content=\"Est. reading time\" \/>\n\t<meta name=\"twitter:data1\" content=\"2 minutes\" \/>\n<script type=\"application\/ld+json\" class=\"yoast-schema-graph\">{\"@context\":\"https:\\\/\\\/schema.org\",\"@graph\":[{\"@type\":\"WebPage\",\"@id\":\"https:\\\/\\\/www.jagdfeld-realestate.de\\\/en\\\/company\\\/imprint\\\/\",\"url\":\"https:\\\/\\\/www.jagdfeld-realestate.de\\\/en\\\/company\\\/imprint\\\/\",\"name\":\"Imprint - Jagdfeld Real Estate\",\"isPartOf\":{\"@id\":\"https:\\\/\\\/www.jagdfeld-realestate.de\\\/en\\\/#website\"},\"datePublished\":\"2019-08-13T14:04:15+00:00\",\"dateModified\":\"2024-03-05T11:14:06+00:00\",\"description\":\"Real estate. Real joy. At your service: JAGDFELD RE Management GmbH, K\u00f6lnstra\u00dfe 89, 52351 D\u00fcren, Phone +49 2421 \\\/ 49558-0, kontakt@jagdfeld-realestate.de\",\"breadcrumb\":{\"@id\":\"https:\\\/\\\/www.jagdfeld-realestate.de\\\/en\\\/company\\\/imprint\\\/#breadcrumb\"},\"inLanguage\":\"en-US\",\"potentialAction\":[{\"@type\":\"ReadAction\",\"target\":[\"https:\\\/\\\/www.jagdfeld-realestate.de\\\/en\\\/company\\\/imprint\\\/\"]}]},{\"@type\":\"BreadcrumbList\",\"@id\":\"https:\\\/\\\/www.jagdfeld-realestate.de\\\/en\\\/company\\\/imprint\\\/#breadcrumb\",\"itemListElement\":[{\"@type\":\"ListItem\",\"position\":1,\"name\":\"Startseite\",\"item\":\"https:\\\/\\\/www.jagdfeld-realestate.de\\\/en\\\/\"},{\"@type\":\"ListItem\",\"position\":2,\"name\":\"Jagdfeld Real Estate\",\"item\":\"https:\\\/\\\/www.jagdfeld-realestate.de\\\/en\\\/company\\\/\"},{\"@type\":\"ListItem\",\"position\":3,\"name\":\"Imprint\"}]},{\"@type\":\"WebSite\",\"@id\":\"https:\\\/\\\/www.jagdfeld-realestate.de\\\/en\\\/#website\",\"url\":\"https:\\\/\\\/www.jagdfeld-realestate.de\\\/en\\\/\",\"name\":\"Jagdfeld Real Estate\",\"description\":\"Real Estate. Real Joy.\",\"potentialAction\":[{\"@type\":\"SearchAction\",\"target\":{\"@type\":\"EntryPoint\",\"urlTemplate\":\"https:\\\/\\\/www.jagdfeld-realestate.de\\\/en\\\/?s={search_term_string}\"},\"query-input\":{\"@type\":\"PropertyValueSpecification\",\"valueRequired\":true,\"valueName\":\"search_term_string\"}}],\"inLanguage\":\"en-US\"}]}<\/script>\n<!-- \/ Yoast SEO Premium plugin. -->","yoast_head_json":{"title":"Imprint - Jagdfeld Real Estate","description":"Real estate. Real joy. At your service: JAGDFELD RE Management GmbH, K\u00f6lnstra\u00dfe 89, 52351 D\u00fcren, Phone +49 2421 \/ 49558-0, kontakt@jagdfeld-realestate.de","robots":{"index":"index","follow":"follow","max-snippet":"max-snippet:-1","max-image-preview":"max-image-preview:large","max-video-preview":"max-video-preview:-1"},"canonical":"https:\/\/www.jagdfeld-realestate.de\/en\/company\/imprint\/","og_locale":"en_US","og_type":"article","og_title":"Imprint","og_description":"Real estate. Real joy. At your service: JAGDFELD RE Management GmbH, K\u00f6lnstra\u00dfe 89, 52351 D\u00fcren, Phone +49 2421 \/ 49558-0, kontakt@jagdfeld-realestate.de","og_url":"https:\/\/www.jagdfeld-realestate.de\/en\/company\/imprint\/","og_site_name":"Jagdfeld Real Estate","article_modified_time":"2024-03-05T11:14:06+00:00","og_image":[{"width":501,"height":103,"url":"https:\/\/www.jagdfeld-realestate.de\/wp-content\/uploads\/Logos-Website-06.png","type":"image\/png"}],"twitter_card":"summary_large_image","twitter_misc":{"Est. reading time":"2 minutes"},"schema":{"@context":"https:\/\/schema.org","@graph":[{"@type":"WebPage","@id":"https:\/\/www.jagdfeld-realestate.de\/en\/company\/imprint\/","url":"https:\/\/www.jagdfeld-realestate.de\/en\/company\/imprint\/","name":"Imprint - Jagdfeld Real Estate","isPartOf":{"@id":"https:\/\/www.jagdfeld-realestate.de\/en\/#website"},"datePublished":"2019-08-13T14:04:15+00:00","dateModified":"2024-03-05T11:14:06+00:00","description":"Real estate. Real joy. At your service: JAGDFELD RE Management GmbH, K\u00f6lnstra\u00dfe 89, 52351 D\u00fcren, Phone +49 2421 \/ 49558-0, kontakt@jagdfeld-realestate.de","breadcrumb":{"@id":"https:\/\/www.jagdfeld-realestate.de\/en\/company\/imprint\/#breadcrumb"},"inLanguage":"en-US","potentialAction":[{"@type":"ReadAction","target":["https:\/\/www.jagdfeld-realestate.de\/en\/company\/imprint\/"]}]},{"@type":"BreadcrumbList","@id":"https:\/\/www.jagdfeld-realestate.de\/en\/company\/imprint\/#breadcrumb","itemListElement":[{"@type":"ListItem","position":1,"name":"Startseite","item":"https:\/\/www.jagdfeld-realestate.de\/en\/"},{"@type":"ListItem","position":2,"name":"Jagdfeld Real Estate","item":"https:\/\/www.jagdfeld-realestate.de\/en\/company\/"},{"@type":"ListItem","position":3,"name":"Imprint"}]},{"@type":"WebSite","@id":"https:\/\/www.jagdfeld-realestate.de\/en\/#website","url":"https:\/\/www.jagdfeld-realestate.de\/en\/","name":"Jagdfeld Real Estate","description":"Real Estate. Real Joy.","potentialAction":[{"@type":"SearchAction","target":{"@type":"EntryPoint","urlTemplate":"https:\/\/www.jagdfeld-realestate.de\/en\/?s={search_term_string}"},"query-input":{"@type":"PropertyValueSpecification","valueRequired":true,"valueName":"search_term_string"}}],"inLanguage":"en-US"}]}},"_links":{"self":[{"href":"https:\/\/www.jagdfeld-realestate.de\/en\/wp-json\/wp\/v2\/pages\/21376","targetHints":{"allow":["GET"]}}],"collection":[{"href":"https:\/\/www.jagdfeld-realestate.de\/en\/wp-json\/wp\/v2\/pages"}],"about":[{"href":"https:\/\/www.jagdfeld-realestate.de\/en\/wp-json\/wp\/v2\/types\/page"}],"author":[{"embeddable":true,"href":"https:\/\/www.jagdfeld-realestate.de\/en\/wp-json\/wp\/v2\/users\/1"}],"replies":[{"embeddable":true,"href":"https:\/\/www.jagdfeld-realestate.de\/en\/wp-json\/wp\/v2\/comments?post=21376"}],"version-history":[{"count":2,"href":"https:\/\/www.jagdfeld-realestate.de\/en\/wp-json\/wp\/v2\/pages\/21376\/revisions"}],"predecessor-version":[{"id":21378,"href":"https:\/\/www.jagdfeld-realestate.de\/en\/wp-json\/wp\/v2\/pages\/21376\/revisions\/21378"}],"up":[{"embeddable":true,"href":"https:\/\/www.jagdfeld-realestate.de\/en\/wp-json\/wp\/v2\/pages\/21238"}],"wp:attachment":[{"href":"https:\/\/www.jagdfeld-realestate.de\/en\/wp-json\/wp\/v2\/media?parent=21376"}],"curies":[{"name":"wp","href":"https:\/\/api.w.org\/{rel}","templated":true}]}}