{"id":21074,"date":"2023-09-28T13:30:25","date_gmt":"2023-09-28T11:30:25","guid":{"rendered":"https:\/\/www.jagdfeld-realestate.de\/our-vacancies\/"},"modified":"2025-11-17T17:02:04","modified_gmt":"2025-11-17T16:02:04","slug":"our-vacancies","status":"publish","type":"page","link":"https:\/\/www.jagdfeld-realestate.de\/en\/company\/our-vacancies\/","title":{"rendered":"Our vacancies"},"content":{"rendered":"","protected":false},"excerpt":{"rendered":"","protected":false},"author":11,"featured_media":20625,"parent":21238,"menu_order":0,"comment_status":"closed","ping_status":"closed","template":"layout-builder.php","meta":{"_acf_changed":false,"footnotes":""},"class_list":["post-21074","page","type-page","status-publish","has-post-thumbnail","hentry"],"acf":[],"yoast_head":"<!-- This site is optimized with the Yoast SEO Premium plugin v27.4 (Yoast SEO v27.5) - https:\/\/yoast.com\/product\/yoast-seo-premium-wordpress\/ -->\n<title>Our vacancies - Jagdfeld Real Estate<\/title>\n<meta name=\"description\" content=\"We are hiring: Real estate specialists with professional experience! You are also welcome to send us an unsolicited application.\" \/>\n<meta name=\"robots\" content=\"index, follow, max-snippet:-1, max-image-preview:large, max-video-preview:-1\" \/>\n<link rel=\"canonical\" href=\"https:\/\/www.jagdfeld-realestate.de\/en\/company\/our-vacancies\/\" \/>\n<meta property=\"og:locale\" content=\"en_US\" \/>\n<meta property=\"og:type\" content=\"article\" \/>\n<meta property=\"og:title\" content=\"Our vacancies\" \/>\n<meta property=\"og:description\" content=\"We are hiring: Real estate specialists with professional experience! You are also welcome to send us an unsolicited application.\" \/>\n<meta property=\"og:url\" content=\"https:\/\/www.jagdfeld-realestate.de\/en\/company\/our-vacancies\/\" \/>\n<meta property=\"og:site_name\" content=\"Jagdfeld Real Estate\" \/>\n<meta property=\"article:modified_time\" content=\"2025-11-17T16:02:04+00:00\" \/>\n<meta property=\"og:image\" content=\"https:\/\/www.jagdfeld-realestate.de\/wp-content\/uploads\/1_IMG_1541-scaled.jpg\" \/>\n\t<meta property=\"og:image:width\" content=\"2048\" \/>\n\t<meta property=\"og:image:height\" content=\"1152\" \/>\n\t<meta property=\"og:image:type\" content=\"image\/jpeg\" \/>\n<meta name=\"twitter:card\" content=\"summary_large_image\" \/>\n<meta name=\"twitter:label1\" content=\"Est. reading time\" \/>\n\t<meta name=\"twitter:data1\" content=\"2 minutes\" \/>\n<script type=\"application\/ld+json\" class=\"yoast-schema-graph\">{\"@context\":\"https:\\\/\\\/schema.org\",\"@graph\":[{\"@type\":\"WebPage\",\"@id\":\"https:\\\/\\\/www.jagdfeld-realestate.de\\\/en\\\/company\\\/our-vacancies\\\/\",\"url\":\"https:\\\/\\\/www.jagdfeld-realestate.de\\\/en\\\/company\\\/our-vacancies\\\/\",\"name\":\"Our vacancies - Jagdfeld Real Estate\",\"isPartOf\":{\"@id\":\"https:\\\/\\\/www.jagdfeld-realestate.de\\\/en\\\/#website\"},\"primaryImageOfPage\":{\"@id\":\"https:\\\/\\\/www.jagdfeld-realestate.de\\\/en\\\/company\\\/our-vacancies\\\/#primaryimage\"},\"image\":{\"@id\":\"https:\\\/\\\/www.jagdfeld-realestate.de\\\/en\\\/company\\\/our-vacancies\\\/#primaryimage\"},\"thumbnailUrl\":\"https:\\\/\\\/www.jagdfeld-realestate.de\\\/wp-content\\\/uploads\\\/1_IMG_1541-scaled.jpg\",\"datePublished\":\"2023-09-28T11:30:25+00:00\",\"dateModified\":\"2025-11-17T16:02:04+00:00\",\"description\":\"We are hiring: Real estate specialists with professional experience! You are also welcome to send us an unsolicited application.\",\"breadcrumb\":{\"@id\":\"https:\\\/\\\/www.jagdfeld-realestate.de\\\/en\\\/company\\\/our-vacancies\\\/#breadcrumb\"},\"inLanguage\":\"en-US\",\"potentialAction\":[{\"@type\":\"ReadAction\",\"target\":[\"https:\\\/\\\/www.jagdfeld-realestate.de\\\/en\\\/company\\\/our-vacancies\\\/\"]}]},{\"@type\":\"ImageObject\",\"inLanguage\":\"en-US\",\"@id\":\"https:\\\/\\\/www.jagdfeld-realestate.de\\\/en\\\/company\\\/our-vacancies\\\/#primaryimage\",\"url\":\"https:\\\/\\\/www.jagdfeld-realestate.de\\\/wp-content\\\/uploads\\\/1_IMG_1541-scaled.jpg\",\"contentUrl\":\"https:\\\/\\\/www.jagdfeld-realestate.de\\\/wp-content\\\/uploads\\\/1_IMG_1541-scaled.jpg\",\"width\":2048,\"height\":1152,\"caption\":\"D\u00fcren K\u00f6lnstra\u00dfe 89\"},{\"@type\":\"BreadcrumbList\",\"@id\":\"https:\\\/\\\/www.jagdfeld-realestate.de\\\/en\\\/company\\\/our-vacancies\\\/#breadcrumb\",\"itemListElement\":[{\"@type\":\"ListItem\",\"position\":1,\"name\":\"Startseite\",\"item\":\"https:\\\/\\\/www.jagdfeld-realestate.de\\\/en\\\/\"},{\"@type\":\"ListItem\",\"position\":2,\"name\":\"Jagdfeld Real Estate\",\"item\":\"https:\\\/\\\/www.jagdfeld-realestate.de\\\/en\\\/company\\\/\"},{\"@type\":\"ListItem\",\"position\":3,\"name\":\"Our vacancies\"}]},{\"@type\":\"WebSite\",\"@id\":\"https:\\\/\\\/www.jagdfeld-realestate.de\\\/en\\\/#website\",\"url\":\"https:\\\/\\\/www.jagdfeld-realestate.de\\\/en\\\/\",\"name\":\"Jagdfeld Real Estate\",\"description\":\"Real Estate. Real Joy.\",\"potentialAction\":[{\"@type\":\"SearchAction\",\"target\":{\"@type\":\"EntryPoint\",\"urlTemplate\":\"https:\\\/\\\/www.jagdfeld-realestate.de\\\/en\\\/?s={search_term_string}\"},\"query-input\":{\"@type\":\"PropertyValueSpecification\",\"valueRequired\":true,\"valueName\":\"search_term_string\"}}],\"inLanguage\":\"en-US\"}]}<\/script>\n<!-- \/ Yoast SEO Premium plugin. -->","yoast_head_json":{"title":"Our vacancies - Jagdfeld Real Estate","description":"We are hiring: Real estate specialists with professional experience! You are also welcome to send us an unsolicited application.","robots":{"index":"index","follow":"follow","max-snippet":"max-snippet:-1","max-image-preview":"max-image-preview:large","max-video-preview":"max-video-preview:-1"},"canonical":"https:\/\/www.jagdfeld-realestate.de\/en\/company\/our-vacancies\/","og_locale":"en_US","og_type":"article","og_title":"Our vacancies","og_description":"We are hiring: Real estate specialists with professional experience! You are also welcome to send us an unsolicited application.","og_url":"https:\/\/www.jagdfeld-realestate.de\/en\/company\/our-vacancies\/","og_site_name":"Jagdfeld Real Estate","article_modified_time":"2025-11-17T16:02:04+00:00","og_image":[{"width":2048,"height":1152,"url":"https:\/\/www.jagdfeld-realestate.de\/wp-content\/uploads\/1_IMG_1541-scaled.jpg","type":"image\/jpeg"}],"twitter_card":"summary_large_image","twitter_misc":{"Est. reading time":"2 minutes"},"schema":{"@context":"https:\/\/schema.org","@graph":[{"@type":"WebPage","@id":"https:\/\/www.jagdfeld-realestate.de\/en\/company\/our-vacancies\/","url":"https:\/\/www.jagdfeld-realestate.de\/en\/company\/our-vacancies\/","name":"Our vacancies - Jagdfeld Real Estate","isPartOf":{"@id":"https:\/\/www.jagdfeld-realestate.de\/en\/#website"},"primaryImageOfPage":{"@id":"https:\/\/www.jagdfeld-realestate.de\/en\/company\/our-vacancies\/#primaryimage"},"image":{"@id":"https:\/\/www.jagdfeld-realestate.de\/en\/company\/our-vacancies\/#primaryimage"},"thumbnailUrl":"https:\/\/www.jagdfeld-realestate.de\/wp-content\/uploads\/1_IMG_1541-scaled.jpg","datePublished":"2023-09-28T11:30:25+00:00","dateModified":"2025-11-17T16:02:04+00:00","description":"We are hiring: Real estate specialists with professional experience! You are also welcome to send us an unsolicited application.","breadcrumb":{"@id":"https:\/\/www.jagdfeld-realestate.de\/en\/company\/our-vacancies\/#breadcrumb"},"inLanguage":"en-US","potentialAction":[{"@type":"ReadAction","target":["https:\/\/www.jagdfeld-realestate.de\/en\/company\/our-vacancies\/"]}]},{"@type":"ImageObject","inLanguage":"en-US","@id":"https:\/\/www.jagdfeld-realestate.de\/en\/company\/our-vacancies\/#primaryimage","url":"https:\/\/www.jagdfeld-realestate.de\/wp-content\/uploads\/1_IMG_1541-scaled.jpg","contentUrl":"https:\/\/www.jagdfeld-realestate.de\/wp-content\/uploads\/1_IMG_1541-scaled.jpg","width":2048,"height":1152,"caption":"D\u00fcren K\u00f6lnstra\u00dfe 89"},{"@type":"BreadcrumbList","@id":"https:\/\/www.jagdfeld-realestate.de\/en\/company\/our-vacancies\/#breadcrumb","itemListElement":[{"@type":"ListItem","position":1,"name":"Startseite","item":"https:\/\/www.jagdfeld-realestate.de\/en\/"},{"@type":"ListItem","position":2,"name":"Jagdfeld Real Estate","item":"https:\/\/www.jagdfeld-realestate.de\/en\/company\/"},{"@type":"ListItem","position":3,"name":"Our vacancies"}]},{"@type":"WebSite","@id":"https:\/\/www.jagdfeld-realestate.de\/en\/#website","url":"https:\/\/www.jagdfeld-realestate.de\/en\/","name":"Jagdfeld Real Estate","description":"Real Estate. Real Joy.","potentialAction":[{"@type":"SearchAction","target":{"@type":"EntryPoint","urlTemplate":"https:\/\/www.jagdfeld-realestate.de\/en\/?s={search_term_string}"},"query-input":{"@type":"PropertyValueSpecification","valueRequired":true,"valueName":"search_term_string"}}],"inLanguage":"en-US"}]}},"_links":{"self":[{"href":"https:\/\/www.jagdfeld-realestate.de\/en\/wp-json\/wp\/v2\/pages\/21074","targetHints":{"allow":["GET"]}}],"collection":[{"href":"https:\/\/www.jagdfeld-realestate.de\/en\/wp-json\/wp\/v2\/pages"}],"about":[{"href":"https:\/\/www.jagdfeld-realestate.de\/en\/wp-json\/wp\/v2\/types\/page"}],"author":[{"embeddable":true,"href":"https:\/\/www.jagdfeld-realestate.de\/en\/wp-json\/wp\/v2\/users\/11"}],"replies":[{"embeddable":true,"href":"https:\/\/www.jagdfeld-realestate.de\/en\/wp-json\/wp\/v2\/comments?post=21074"}],"version-history":[{"count":2,"href":"https:\/\/www.jagdfeld-realestate.de\/en\/wp-json\/wp\/v2\/pages\/21074\/revisions"}],"predecessor-version":[{"id":24483,"href":"https:\/\/www.jagdfeld-realestate.de\/en\/wp-json\/wp\/v2\/pages\/21074\/revisions\/24483"}],"up":[{"embeddable":true,"href":"https:\/\/www.jagdfeld-realestate.de\/en\/wp-json\/wp\/v2\/pages\/21238"}],"wp:featuredmedia":[{"embeddable":true,"href":"https:\/\/www.jagdfeld-realestate.de\/en\/wp-json\/wp\/v2\/media\/20625"}],"wp:attachment":[{"href":"https:\/\/www.jagdfeld-realestate.de\/en\/wp-json\/wp\/v2\/media?parent=21074"}],"curies":[{"name":"wp","href":"https:\/\/api.w.org\/{rel}","templated":true}]}}